{"id":14769,"date":"2019-02-18T15:51:30","date_gmt":"2019-02-18T15:51:30","guid":{"rendered":"https:\/\/special21.org\/politica-de-privacidade\/"},"modified":"2024-04-18T21:22:54","modified_gmt":"2024-04-18T20:22:54","slug":"privacy-policy","status":"publish","type":"page","link":"https:\/\/special21.org\/en\/privacy-policy\/","title":{"rendered":"Privacy Policy"},"content":{"rendered":"<div id=\"cmsmasters_row_8jb08vvx7p\" class=\"cmsmasters_row cmsmasters_color_scheme_default cmsmasters_row_top_default cmsmasters_row_bot_default cmsmasters_row_boxed\">\n<div class=\"cmsmasters_row_outer_parent\">\n<div class=\"cmsmasters_row_outer\">\n<div class=\"cmsmasters_row_inner\">\n<div class=\"cmsmasters_row_margin\">\n<div class=\"cmsmasters_column one_first\">\n<div id=\"cmsmasters_heading_lx3klg1f0j\" class=\"cmsmasters_heading_wrap cmsmasters_heading_align_center\">\n\t<h2 class=\"cmsmasters_heading\">Privacy Policy<\/h2>\n<\/div>\n<\/div>\n<\/div>\n<\/div>\n<\/div>\n<\/div>\n<\/div>\n<div id=\"cmsmasters_row_\" class=\"cmsmasters_row cmsmasters_color_scheme_default cmsmasters_row_top_default cmsmasters_row_bot_default cmsmasters_row_boxed\">\n<div class=\"cmsmasters_row_outer_parent\">\n<div class=\"cmsmasters_row_outer\">\n<div class=\"cmsmasters_row_inner\">\n<div class=\"cmsmasters_row_margin\">\n<div class=\"cmsmasters_column one_first\">\n<div id=\"cmsmasters_heading_qw3di9mp2\" class=\"cmsmasters_heading_wrap cmsmasters_heading_align_left\">\n\t<h2 class=\"cmsmasters_heading\">Introduction<\/h2>\n<\/div><div id=\"cmsmasters_fb_hs5sr019xi\" class=\"cmsmasters_featured_block\">\n<div class=\"featured_block_inner\">\n<div class=\"featured_block_text\">\n<p>O Futebol Clube de Ferreiras \u00e9 respons\u00e1vel pelo website <a href=\"https:\/\/special21.org\" target=\"_blank\" rel=\"noopener\">special21.org<\/a> e compromete-se a garantir a privacidade dos dados pessoais recolhidos e\/ou transmitidos online.<\/p>\n<p>Todas as suas informa\u00e7\u00f5es pessoais recolhidas, ser\u00e3o usadas para o ajudar a tornar a sua visita no nosso site o mais produtiva e agrad\u00e1vel poss\u00edvel.<\/p>\n<p>A informa\u00e7\u00e3o pessoal recolhida pode incluir o seu nome, e-mail, n\u00famero de telefone e\/ou telem\u00f3vel, morada, data de nascimento e\/ou outros.<br \/>\nTodas as informa\u00e7\u00f5es pessoais relativas a membros, assinantes, ou visitantes que usem o Special21 ser\u00e3o tratadas em concord\u00e2ncia com o Regulamento da Prote\u00e7\u00e3o de Dados Pessoais RGPD.<\/p>\n<p>O uso do Special21 pressup\u00f5e a aceita\u00e7\u00e3o deste Acordo de privacidade. A equipa do Special21 reserva-se ao direito de alterar este acordo sem aviso pr\u00e9vio. Deste modo, recomendamos que consulte a nossa pol\u00edtica de privacidade com regularidade de forma a estar sempre atualizado.<\/p>\n<\/div>\n<\/div>\n<\/div>\n<div id=\"cmsmasters_heading_3u1upevac\" class=\"cmsmasters_heading_wrap cmsmasters_heading_align_left\">\n\t<h2 class=\"cmsmasters_heading\">Access to personal data<\/h2>\n<\/div><div id=\"cmsmasters_fb_rugn8iicj7\" class=\"cmsmasters_featured_block\">\n<div class=\"featured_block_inner\">\n<div class=\"featured_block_text\">\n<p>A recolha de dados pessoais no website <a href=\"https:\/\/special21.org\" target=\"_blank\" rel=\"noopener\">special21.org<\/a> \u00e9 efetuada mediante consentimento pr\u00e9vio do utilizador, que poder\u00e1 consultar, atualizar ou eliminar os dados pessoais por si fornecidos, sempre que quiser e de forma gratuita, mediante pedido por e-mail para <a href=\"mailto:special21.org@gmail.com\">special21.org@gmail.com<\/a>.<\/p>\n<\/div>\n<\/div>\n<\/div>\n<div id=\"cmsmasters_heading_8b7itrt02q\" class=\"cmsmasters_heading_wrap cmsmasters_heading_align_left\">\n\t<h2 class=\"cmsmasters_heading\">Security<\/h2>\n<\/div><div id=\"cmsmasters_fb_cog5g399f8\" class=\"cmsmasters_featured_block\">\n<div class=\"featured_block_inner\">\n<div class=\"featured_block_text\">\n<p>A seguran\u00e7a e a privacidade dos dados pessoais dos utilizadores do <a href=\"https:\/\/special21.org\" target=\"_blank\" rel=\"noopener\">special21.org<\/a> assumem uma import\u00e2ncia crucial para o Special21, que assegura as medidas de seguran\u00e7a tecnol\u00f3gicas e organizacionais que est\u00e3o ao seu alcance para a prote\u00e7\u00e3o dos dados e da sua confidencialidade.<\/p>\n<p>No entanto, dado que a recolha \u00e9 efetuada em rede aberta, os dados pessoais podem circular na rede sem condi\u00e7\u00f5es de seguran\u00e7a, correndo o risco de serem vistos e utilizados por terceiros n\u00e3o autorizados.<\/p>\n<\/div>\n<\/div>\n<\/div>\n<div id=\"cmsmasters_heading_9xopi48qff\" class=\"cmsmasters_heading_wrap cmsmasters_heading_align_left\">\n\t<h2 class=\"cmsmasters_heading\">Data usage<\/h2>\n<\/div><div id=\"cmsmasters_fb_zcbz228jzb\" class=\"cmsmasters_featured_block\">\n<div class=\"featured_block_inner\">\n<div class=\"featured_block_text\">\n<p>Os dados pessoais fornecidos pelo utilizador ser\u00e3o utilizados exclusivamente para fins ligados \u00e0 execu\u00e7\u00e3o do servi\u00e7os solicitados.<\/p>\n<\/div>\n<\/div>\n<\/div>\n<div id=\"cmsmasters_heading_92pu4ya1w9\" class=\"cmsmasters_heading_wrap cmsmasters_heading_align_left\">\n\t<h2 class=\"cmsmasters_heading\">Links to other websites<\/h2>\n<\/div><div id=\"cmsmasters_fb_g14kyd0357\" class=\"cmsmasters_featured_block\">\n<div class=\"featured_block_inner\">\n<div class=\"featured_block_text\">\n<p>O Special21 possui liga\u00e7\u00f5es para outros sites, os quais, a nosso ver, podem conter informa\u00e7\u00f5es \/ ferramentas \u00fateis para os nossos visitantes.<br \/>\nA nossa pol\u00edtica de privacidade n\u00e3o \u00e9 aplicada a sites de terceiros, pelo que, caso visite outro site a partir do nosso dever\u00e1 ler a pol\u00edtica de privacidade do mesmo. N\u00e3o nos responsabilizamos pela pol\u00edtica de privacidade ou conte\u00fado presente nesses mesmos sites.<\/p>\n<\/div>\n<\/div>\n<\/div>\n<div id=\"cmsmasters_heading_3l358ju6li\" class=\"cmsmasters_heading_wrap cmsmasters_heading_align_left\">\n\t<h2 class=\"cmsmasters_heading\">Data automatically collected<\/h2>\n<\/div><div id=\"cmsmasters_fb_pemjo6jqpo\" class=\"cmsmasters_featured_block\">\n<div class=\"featured_block_inner\">\n<div class=\"featured_block_text\">\n<p>O www.special21.com utiliza cookies de sess\u00e3o, que s\u00e3o pequenos ficheiros informativos enviados do servidor do website para o browser do utilizador e armazenado no respetivo computador.<br \/>\nTratam-se de cookies tempor\u00e1rios que permanecem no arquivo de cookies apenas durante a utiliza\u00e7\u00e3o do website.<\/p>\n<p>Estes cookies ser\u00e3o utilizados exclusivamente pelo Special21 e a sua utiliza\u00e7\u00e3o servir\u00e1 apenas para analisar padr\u00f5es de tr\u00e1fego na web, permitindo identificar problemas e fornecer uma melhor experi\u00eancia de navega\u00e7\u00e3o.<\/p>\n<\/div>\n<\/div>\n<\/div>\n<div id=\"cmsmasters_heading_c0mqzql4d\" class=\"cmsmasters_heading_wrap cmsmasters_heading_align_left\">\n\t<h2 class=\"cmsmasters_heading\">Changes to our Privacy Policy<\/h2>\n<\/div><div id=\"cmsmasters_fb_4d49m2g886\" class=\"cmsmasters_featured_block\">\n<div class=\"featured_block_inner\">\n<div class=\"featured_block_text\">\n<p>O Special21 poder\u00e1 rever a Pol\u00edtica de Privacidade do <a href=\"https:\/\/special21.org\" target=\"_blank\" rel=\"noopener\">special21.org<\/a> sempre que tal for necess\u00e1rio para dar cumprimento a imperativos legais ou tecnol\u00f3gicos.<br \/>\nQuaisquer altera\u00e7\u00f5es ser\u00e3o divulgadas nesta mesma p\u00e1gina online.<\/p>\n<\/div>\n<\/div>\n<\/div>\n<div id=\"cmsmasters_heading_4why7hrmi9\" class=\"cmsmasters_heading_wrap cmsmasters_heading_align_left\">\n\t<h2 class=\"cmsmasters_heading\">Contacts and answering questions<\/h2>\n<\/div><div id=\"cmsmasters_fb_fuyfsheja\" class=\"cmsmasters_featured_block\">\n<div class=\"featured_block_inner\">\n<div class=\"featured_block_text\">\n<p>Em caso de d\u00favida sobre os pontos aqui apresentados, poder\u00e1 contactar-nos por e-mail para <a href=\"mailto:special21.org@gmail.com\">special21.org@gmail.com<\/a>.<\/p>\n<\/div>\n<\/div>\n<\/div>\n<\/div>\n<\/div>\n<\/div>\n<\/div>\n<\/div>\n<\/div>\n<div id=\"cmsmasters_row_w2ltz42k3\" class=\"cmsmasters_row cmsmasters_color_scheme_default cmsmasters_row_top_default cmsmasters_row_bot_default cmsmasters_row_fullwidth\">\n<div class=\"cmsmasters_row_outer_parent\">\n<div class=\"cmsmasters_row_outer\">\n<div class=\"cmsmasters_row_inner cmsmasters_row_fullwidth\">\n<div class=\"cmsmasters_row_margin\">\n<div class=\"cmsmasters_column one_third\">\n<div id=\"cmsmasters_icon_fcvgzc37ks\" class=\"cmsmasters_icon_wrap\"><span class=\"cmsmasters_simple_icon cmsmasters-icon-location-3\" data-animation=\"bounceIn\" data-delay=\"0\"><\/span><\/div>\n<div id=\"cmsmasters_heading_mjy82z5p69\" class=\"cmsmasters_heading_wrap cmsmasters_heading_align_center\">\n\t<h2 class=\"cmsmasters_heading\">Travessa da Nora, 8200-559<br \/>\nFerreiras, Portugal<\/h2>\n<\/div>\n<div id=\"cmsmasters_divider_8bm7752ykf\" class=\"cl\"><\/div>\n<\/div>\n<div class=\"cmsmasters_column one_third\">\n<div id=\"cmsmasters_icon_bcclfusps8\" class=\"cmsmasters_icon_wrap\"><span class=\"cmsmasters_simple_icon cmsmasters-icon-mail-3\" data-animation=\"bounceIn\" data-delay=\"0\"><\/span><\/div>\n<div id=\"cmsmasters_heading_kl7wt5y9hb\" class=\"cmsmasters_heading_wrap cmsmasters_heading_align_center\">\n\t<h2 class=\"cmsmasters_heading\">special21.org@gmail.com<\/h2>\n<\/div>\n<div id=\"cmsmasters_divider_jh236528wg\" class=\"cl\"><\/div>\n<\/div>\n<div class=\"cmsmasters_column one_third\">\n<div id=\"cmsmasters_icon_kowv5r5qb\" class=\"cmsmasters_icon_wrap\"><span class=\"cmsmasters_simple_icon cmsmasters-icon-phone-4\" data-animation=\"bounceIn\" data-delay=\"0\"><\/span><\/div>\n<div id=\"cmsmasters_heading_d8ubxm6pcb\" class=\"cmsmasters_heading_wrap cmsmasters_heading_align_center\">\n\t<h2 class=\"cmsmasters_heading\">+351 935 588 767<\/h2>\n<\/div>\n<div id=\"cmsmasters_divider_44t2me22wq\" class=\"cl\"><\/div>\n<\/div>\n<\/div>\n<\/div>\n<\/div>\n<\/div>\n<\/div>\n\n","protected":false},"excerpt":{"rendered":"","protected":false},"author":1,"featured_media":0,"parent":0,"menu_order":0,"comment_status":"closed","ping_status":"closed","template":"","meta":[],"_links":{"self":[{"href":"https:\/\/special21.org\/en\/wp-json\/wp\/v2\/pages\/14769"}],"collection":[{"href":"https:\/\/special21.org\/en\/wp-json\/wp\/v2\/pages"}],"about":[{"href":"https:\/\/special21.org\/en\/wp-json\/wp\/v2\/types\/page"}],"author":[{"embeddable":true,"href":"https:\/\/special21.org\/en\/wp-json\/wp\/v2\/users\/1"}],"replies":[{"embeddable":true,"href":"https:\/\/special21.org\/en\/wp-json\/wp\/v2\/comments?post=14769"}],"version-history":[{"count":4,"href":"https:\/\/special21.org\/en\/wp-json\/wp\/v2\/pages\/14769\/revisions"}],"predecessor-version":[{"id":15080,"href":"https:\/\/special21.org\/en\/wp-json\/wp\/v2\/pages\/14769\/revisions\/15080"}],"wp:attachment":[{"href":"https:\/\/special21.org\/en\/wp-json\/wp\/v2\/media?parent=14769"}],"curies":[{"name":"wp","href":"https:\/\/api.w.org\/{rel}","templated":true}]}}